{"id":2688,"date":"2026-02-24T13:48:51","date_gmt":"2026-02-24T13:48:51","guid":{"rendered":"https:\/\/diadelpatrimoniosocial.cl\/?page_id=2688"},"modified":"2026-02-24T13:59:22","modified_gmt":"2026-02-24T13:59:22","slug":"actividades-2026","status":"publish","type":"page","link":"https:\/\/diadelpatrimoniosocial.cl\/actividades-2026\/","title":{"rendered":"Actividades 2026"},"content":{"rendered":"\n\t\t\t<div class=\"wp-block-uagb-post-grid uagb-post-grid  uagb-post__image-position-top uagb-post__image-enabled uagb-block-42462970     uagb-post__items uagb-post__columns-3 is-grid uagb-post__columns-tablet-2 uagb-post__columns-mobile-1 uagb-post__equal-height\" data-total=\"2\" style=\"\">\n\n\t\t\t\t\t\t\t\t\t\t\t\t<article class=\"uagb-post__inner-wrap\">\t\t\t\t\t\t\t\t<div class='uagb-post__image'>\n\t\t\t\t\t\t\t\t\t<a href=\"https:\/\/diadelpatrimoniosocial.cl\/en-el-ano-internacional-del-voluntariado-celebramos-nuestro-patrimonio-social-todos-los-dias\/\" target=\"_self\" rel=\"bookmark noopener noreferrer\" class='uagb-image-ratio-inherit'><img loading=\"lazy\" decoding=\"async\" width=\"1024\" height=\"768\" src=\"https:\/\/diadelpatrimoniosocial.cl\/wp-content\/uploads\/2026\/03\/dia-del-patrimonio-social-2025-corporacion-nuestra-casa-1-1024x768.jpg\" class=\"attachment-large size-large\" alt=\"\" srcset=\"https:\/\/diadelpatrimoniosocial.cl\/wp-content\/uploads\/2026\/03\/dia-del-patrimonio-social-2025-corporacion-nuestra-casa-1-1024x768.jpg 1024w, https:\/\/diadelpatrimoniosocial.cl\/wp-content\/uploads\/2026\/03\/dia-del-patrimonio-social-2025-corporacion-nuestra-casa-1-300x225.jpg 300w, https:\/\/diadelpatrimoniosocial.cl\/wp-content\/uploads\/2026\/03\/dia-del-patrimonio-social-2025-corporacion-nuestra-casa-1-768x576.jpg 768w, https:\/\/diadelpatrimoniosocial.cl\/wp-content\/uploads\/2026\/03\/dia-del-patrimonio-social-2025-corporacion-nuestra-casa-1-1536x1152.jpg 1536w, https:\/\/diadelpatrimoniosocial.cl\/wp-content\/uploads\/2026\/03\/dia-del-patrimonio-social-2025-corporacion-nuestra-casa-1-2048x1536.jpg 2048w\" sizes=\"auto, (max-width: 1024px) 100vw, 1024px\" \/>\t\t\t\t\t<\/a>\n\t\t\t\t\t\t\t<\/div>\n\t\t\t\t\t\t<h4 class=\"uagb-post__title uagb-post__text\">\n\t\t\t\t<a href=\"https:\/\/diadelpatrimoniosocial.cl\/en-el-ano-internacional-del-voluntariado-celebramos-nuestro-patrimonio-social-todos-los-dias\/\" target=\"_self\" rel=\"bookmark noopener noreferrer\">En el 2026, A\u00f1o Internacional del Voluntariado, celebramos nuestro patrimonio social todos los d\u00edas<\/a>\n\t\t\t<\/h4>\n\t\t\t\t\t\t<div class='uagb-post__text uagb-post-grid-byline'>\n\t\t\t\t\t\t\t\t<time datetime=\"2026-03-18T13:32:50+00:00\" class=\"uagb-post__date\">\n\t\t\t\t<span class=\"dashicons-calendar dashicons\"><\/span>\t\t\t\t\tMarzo 18, 2026\t\t\t\t<\/time>\n\t\t\t\t\t\t\t<span class=\"uagb-post__comment\">\n\t\t\t\t<span class=\"dashicons-admin-comments dashicons\"><\/span>\t\t\t\t\tSin Comentarios\t\t\t\t<\/span>\n\t\t\t\t\t\t<\/div>\n\t\t\t\t\t\t\t<div class='uagb-post__text uagb-post__excerpt'>\n\t\t\t\t\t<p>Imagen: celebraci\u00f3n del D\u00eda del Patrimonio Social en Corporaci\u00f3n Nuestra Casa, 2025 La Organizaci\u00f3n de&#8230;\t\t\t\t<\/div>\n\t\t\t\t\t\t<div class=\"uagb-post__text uagb-post__cta wp-block-button\">\n\t\t\t\t<a class=\"wp-block-button__link uagb-text-link\" style=\"\" href=\"https:\/\/diadelpatrimoniosocial.cl\/en-el-ano-internacional-del-voluntariado-celebramos-nuestro-patrimonio-social-todos-los-dias\/\" target=\"_self\" rel=\"bookmark noopener noreferrer\">Leer m\u00e1s<\/a>\n\t\t\t<\/div>\n\t\t\t\n\t\t\t\t\t\t\t\t\t<\/article>\n\t\t\t\t\t\t\t\t\t\t\t\t\t\t\t\t<article class=\"uagb-post__inner-wrap\">\t\t\t\t\t\t\t\t<h4 class=\"uagb-post__title uagb-post__text\">\n\t\t\t\t<a href=\"https:\/\/diadelpatrimoniosocial.cl\/como-construir-patrimonio-social-desde-las-empresas-el-caso-de-sodimac\/\" target=\"_self\" rel=\"bookmark noopener noreferrer\">C\u00f3mo construir Patrimonio Social desde las empresas: el caso de Sodimac\u00a0<\/a>\n\t\t\t<\/h4>\n\t\t\t\t\t\t<div class='uagb-post__text uagb-post-grid-byline'>\n\t\t\t\t\t\t\t\t<time datetime=\"2026-03-09T21:14:53+00:00\" class=\"uagb-post__date\">\n\t\t\t\t<span class=\"dashicons-calendar dashicons\"><\/span>\t\t\t\t\tMarzo 9, 2026\t\t\t\t<\/time>\n\t\t\t\t\t\t\t<span class=\"uagb-post__comment\">\n\t\t\t\t<span class=\"dashicons-admin-comments dashicons\"><\/span>\t\t\t\t\t1 comentario\t\t\t\t<\/span>\n\t\t\t\t\t\t<\/div>\n\t\t\t\t\t\t\t<div class='uagb-post__text uagb-post__excerpt'>\n\t\t\t\t\t<p>En 2025 y al igual que el a\u00f1o anterior, Sodimac se consolid\u00f3 como un auspiciador&#8230;\t\t\t\t<\/div>\n\t\t\t\t\t\t<div class=\"uagb-post__text uagb-post__cta wp-block-button\">\n\t\t\t\t<a class=\"wp-block-button__link uagb-text-link\" style=\"\" href=\"https:\/\/diadelpatrimoniosocial.cl\/como-construir-patrimonio-social-desde-las-empresas-el-caso-de-sodimac\/\" target=\"_self\" rel=\"bookmark noopener noreferrer\">Leer m\u00e1s<\/a>\n\t\t\t<\/div>\n\t\t\t\n\t\t\t\t\t\t\t\t\t<\/article>\n\t\t\t\t\t\t\t\t\t\t\t\t\t\t\t\t<article class=\"uagb-post__inner-wrap\">\t\t\t\t\t\t\t\t<div class='uagb-post__image'>\n\t\t\t\t\t\t\t\t\t<a href=\"https:\/\/diadelpatrimoniosocial.cl\/desarrollo-sustentable-a-traves-del-apoyo-comunitario-el-aporte-de-anglo-american-para-construir-patrimonio-social\/\" target=\"_self\" rel=\"bookmark noopener noreferrer\" class='uagb-image-ratio-inherit'><img loading=\"lazy\" decoding=\"async\" width=\"1024\" height=\"533\" src=\"https:\/\/diadelpatrimoniosocial.cl\/wp-content\/uploads\/2026\/03\/anglo-american-dia-del-patrimonio-social-somos-comunidad-2025-1024x533.jpg\" class=\"attachment-large size-large\" alt=\"\" srcset=\"https:\/\/diadelpatrimoniosocial.cl\/wp-content\/uploads\/2026\/03\/anglo-american-dia-del-patrimonio-social-somos-comunidad-2025-1024x533.jpg 1024w, https:\/\/diadelpatrimoniosocial.cl\/wp-content\/uploads\/2026\/03\/anglo-american-dia-del-patrimonio-social-somos-comunidad-2025-300x156.jpg 300w, https:\/\/diadelpatrimoniosocial.cl\/wp-content\/uploads\/2026\/03\/anglo-american-dia-del-patrimonio-social-somos-comunidad-2025-768x400.jpg 768w, https:\/\/diadelpatrimoniosocial.cl\/wp-content\/uploads\/2026\/03\/anglo-american-dia-del-patrimonio-social-somos-comunidad-2025-1536x800.jpg 1536w, https:\/\/diadelpatrimoniosocial.cl\/wp-content\/uploads\/2026\/03\/anglo-american-dia-del-patrimonio-social-somos-comunidad-2025.jpg 1920w\" sizes=\"auto, (max-width: 1024px) 100vw, 1024px\" \/>\t\t\t\t\t<\/a>\n\t\t\t\t\t\t\t<\/div>\n\t\t\t\t\t\t<h4 class=\"uagb-post__title uagb-post__text\">\n\t\t\t\t<a href=\"https:\/\/diadelpatrimoniosocial.cl\/desarrollo-sustentable-a-traves-del-apoyo-comunitario-el-aporte-de-anglo-american-para-construir-patrimonio-social\/\" target=\"_self\" rel=\"bookmark noopener noreferrer\">Desarrollo sustentable a trav\u00e9s del apoyo comunitario: el aporte de Anglo American para construir Patrimonio Social<\/a>\n\t\t\t<\/h4>\n\t\t\t\t\t\t<div class='uagb-post__text uagb-post-grid-byline'>\n\t\t\t\t\t\t\t\t<time datetime=\"2026-03-09T20:50:29+00:00\" class=\"uagb-post__date\">\n\t\t\t\t<span class=\"dashicons-calendar dashicons\"><\/span>\t\t\t\t\tMarzo 9, 2026\t\t\t\t<\/time>\n\t\t\t\t\t\t\t<span class=\"uagb-post__comment\">\n\t\t\t\t<span class=\"dashicons-admin-comments dashicons\"><\/span>\t\t\t\t\tSin Comentarios\t\t\t\t<\/span>\n\t\t\t\t\t\t<\/div>\n\t\t\t\t\t\t\t<div class='uagb-post__text uagb-post__excerpt'>\n\t\t\t\t\t<p>Cada a\u00f1o, el D\u00eda del Patrimonio Social convoca a organizaciones, empresas y ciudadanos a celebrar&#8230;\t\t\t\t<\/div>\n\t\t\t\t\t\t<div class=\"uagb-post__text uagb-post__cta wp-block-button\">\n\t\t\t\t<a class=\"wp-block-button__link uagb-text-link\" style=\"\" href=\"https:\/\/diadelpatrimoniosocial.cl\/desarrollo-sustentable-a-traves-del-apoyo-comunitario-el-aporte-de-anglo-american-para-construir-patrimonio-social\/\" target=\"_self\" rel=\"bookmark noopener noreferrer\">Leer m\u00e1s<\/a>\n\t\t\t<\/div>\n\t\t\t\n\t\t\t\t\t\t\t\t\t<\/article>\n\t\t\t\t\t\t\t\t\t\t\t\t\t\t\t\t<article class=\"uagb-post__inner-wrap\">\t\t\t\t\t\t\t\t<div class='uagb-post__image'>\n\t\t\t\t\t\t\t\t\t<a href=\"https:\/\/diadelpatrimoniosocial.cl\/reale-seguros-tejiendo-redes-de-colaboracion-y-solidaridad-en-el-dia-del-patrimonio-social-2025\/\" target=\"_self\" rel=\"bookmark noopener noreferrer\" class='uagb-image-ratio-inherit'><img loading=\"lazy\" decoding=\"async\" width=\"1024\" height=\"583\" src=\"https:\/\/diadelpatrimoniosocial.cl\/wp-content\/uploads\/2026\/02\/Reale_Seguros_y_Casa-Familia_Dia_del_Patrimonio_Social_2025-scaled-e1771011217226-1024x583.jpg\" class=\"attachment-large size-large\" alt=\"\" srcset=\"https:\/\/diadelpatrimoniosocial.cl\/wp-content\/uploads\/2026\/02\/Reale_Seguros_y_Casa-Familia_Dia_del_Patrimonio_Social_2025-scaled-e1771011217226-1024x583.jpg 1024w, https:\/\/diadelpatrimoniosocial.cl\/wp-content\/uploads\/2026\/02\/Reale_Seguros_y_Casa-Familia_Dia_del_Patrimonio_Social_2025-scaled-e1771011217226-300x171.jpg 300w, https:\/\/diadelpatrimoniosocial.cl\/wp-content\/uploads\/2026\/02\/Reale_Seguros_y_Casa-Familia_Dia_del_Patrimonio_Social_2025-scaled-e1771011217226-768x437.jpg 768w, https:\/\/diadelpatrimoniosocial.cl\/wp-content\/uploads\/2026\/02\/Reale_Seguros_y_Casa-Familia_Dia_del_Patrimonio_Social_2025-scaled-e1771011217226-1536x875.jpg 1536w, https:\/\/diadelpatrimoniosocial.cl\/wp-content\/uploads\/2026\/02\/Reale_Seguros_y_Casa-Familia_Dia_del_Patrimonio_Social_2025-scaled-e1771011217226-2048x1166.jpg 2048w\" sizes=\"auto, (max-width: 1024px) 100vw, 1024px\" \/>\t\t\t\t\t<\/a>\n\t\t\t\t\t\t\t<\/div>\n\t\t\t\t\t\t<h4 class=\"uagb-post__title uagb-post__text\">\n\t\t\t\t<a href=\"https:\/\/diadelpatrimoniosocial.cl\/reale-seguros-tejiendo-redes-de-colaboracion-y-solidaridad-en-el-dia-del-patrimonio-social-2025\/\" target=\"_self\" rel=\"bookmark noopener noreferrer\">Reale Seguros: Tejiendo redes de colaboraci\u00f3n y solidaridad en el D\u00eda del Patrimonio Social 2025<\/a>\n\t\t\t<\/h4>\n\t\t\t\t\t\t<div class='uagb-post__text uagb-post-grid-byline'>\n\t\t\t\t\t\t\t\t<time datetime=\"2026-02-16T12:33:57+00:00\" class=\"uagb-post__date\">\n\t\t\t\t<span class=\"dashicons-calendar dashicons\"><\/span>\t\t\t\t\tFebrero 16, 2026\t\t\t\t<\/time>\n\t\t\t\t\t\t\t<span class=\"uagb-post__comment\">\n\t\t\t\t<span class=\"dashicons-admin-comments dashicons\"><\/span>\t\t\t\t\tSin Comentarios\t\t\t\t<\/span>\n\t\t\t\t\t\t<\/div>\n\t\t\t\t\t\t\t<div class='uagb-post__text uagb-post__excerpt'>\n\t\t\t\t\t<p>Como parte de su compromiso estrat\u00e9gico con la Responsabilidad Social Empresarial (RSE), Reale Seguros Chile&#8230;\t\t\t\t<\/div>\n\t\t\t\t\t\t<div class=\"uagb-post__text uagb-post__cta wp-block-button\">\n\t\t\t\t<a class=\"wp-block-button__link uagb-text-link\" style=\"\" href=\"https:\/\/diadelpatrimoniosocial.cl\/reale-seguros-tejiendo-redes-de-colaboracion-y-solidaridad-en-el-dia-del-patrimonio-social-2025\/\" target=\"_self\" rel=\"bookmark noopener noreferrer\">Leer m\u00e1s<\/a>\n\t\t\t<\/div>\n\t\t\t\n\t\t\t\t\t\t\t\t\t<\/article>\n\t\t\t\t\t\t\t\t\t\t\t\t\t\t\t\t<article class=\"uagb-post__inner-wrap\">\t\t\t\t\t\t\t\t<div class='uagb-post__image'>\n\t\t\t\t\t\t\t\t\t<a href=\"https:\/\/diadelpatrimoniosocial.cl\/organizaciones-solidarias-celebraron-dia-del-patrimonio-social\/\" target=\"_self\" rel=\"bookmark noopener noreferrer\" class='uagb-image-ratio-inherit'><img loading=\"lazy\" decoding=\"async\" width=\"1024\" height=\"684\" src=\"https:\/\/diadelpatrimoniosocial.cl\/wp-content\/uploads\/2026\/02\/imagen-tipografo-1024x684.jpeg\" class=\"attachment-large size-large\" alt=\"\" srcset=\"https:\/\/diadelpatrimoniosocial.cl\/wp-content\/uploads\/2026\/02\/imagen-tipografo-1024x684.jpeg 1024w, https:\/\/diadelpatrimoniosocial.cl\/wp-content\/uploads\/2026\/02\/imagen-tipografo-300x200.jpeg 300w, https:\/\/diadelpatrimoniosocial.cl\/wp-content\/uploads\/2026\/02\/imagen-tipografo-768x513.jpeg 768w, https:\/\/diadelpatrimoniosocial.cl\/wp-content\/uploads\/2026\/02\/imagen-tipografo-1536x1026.jpeg 1536w, https:\/\/diadelpatrimoniosocial.cl\/wp-content\/uploads\/2026\/02\/imagen-tipografo-1200x800.jpeg 1200w, https:\/\/diadelpatrimoniosocial.cl\/wp-content\/uploads\/2026\/02\/imagen-tipografo.jpeg 1600w\" sizes=\"auto, (max-width: 1024px) 100vw, 1024px\" \/>\t\t\t\t\t<\/a>\n\t\t\t\t\t\t\t<\/div>\n\t\t\t\t\t\t<h4 class=\"uagb-post__title uagb-post__text\">\n\t\t\t\t<a href=\"https:\/\/diadelpatrimoniosocial.cl\/organizaciones-solidarias-celebraron-dia-del-patrimonio-social\/\" target=\"_self\" rel=\"bookmark noopener noreferrer\">Organizaciones Solidarias celebraron D\u00eda del Patrimonio Social<\/a>\n\t\t\t<\/h4>\n\t\t\t\t\t\t<div class='uagb-post__text uagb-post-grid-byline'>\n\t\t\t\t\t\t\t\t<time datetime=\"2026-02-10T14:39:44+00:00\" class=\"uagb-post__date\">\n\t\t\t\t<span class=\"dashicons-calendar dashicons\"><\/span>\t\t\t\t\tFebrero 10, 2026\t\t\t\t<\/time>\n\t\t\t\t\t\t\t<span class=\"uagb-post__comment\">\n\t\t\t\t<span class=\"dashicons-admin-comments dashicons\"><\/span>\t\t\t\t\tSin Comentarios\t\t\t\t<\/span>\n\t\t\t\t\t\t<\/div>\n\t\t\t\t\t\t\t<div class='uagb-post__text uagb-post__excerpt'>\n\t\t\t\t\t<p>Publicado el 6 de diciembre en el El Tip\u00f3grafo Las actividades de la entidad estuvieron&#8230;\t\t\t\t<\/div>\n\t\t\t\t\t\t<div class=\"uagb-post__text uagb-post__cta wp-block-button\">\n\t\t\t\t<a class=\"wp-block-button__link uagb-text-link\" style=\"\" href=\"https:\/\/diadelpatrimoniosocial.cl\/organizaciones-solidarias-celebraron-dia-del-patrimonio-social\/\" target=\"_self\" rel=\"bookmark noopener noreferrer\">Leer m\u00e1s<\/a>\n\t\t\t<\/div>\n\t\t\t\n\t\t\t\t\t\t\t\t\t<\/article>\n\t\t\t\t\t\t\t\t\t\t\t\t\t\t\t\t<article class=\"uagb-post__inner-wrap\">\t\t\t\t\t\t\t\t<div class='uagb-post__image'>\n\t\t\t\t\t\t\t\t\t<a href=\"https:\/\/diadelpatrimoniosocial.cl\/empresas-chilenas-fortalecen-cultura-interna-y-comunidades-a-traves-del-voluntariado-corporativo\/\" target=\"_self\" rel=\"bookmark noopener noreferrer\" class='uagb-image-ratio-inherit'><img loading=\"lazy\" decoding=\"async\" width=\"800\" height=\"533\" src=\"https:\/\/diadelpatrimoniosocial.cl\/wp-content\/uploads\/2026\/02\/Voluntariado-SURA-Diario-Sustentable.webp\" class=\"attachment-large size-large\" alt=\"\" srcset=\"https:\/\/diadelpatrimoniosocial.cl\/wp-content\/uploads\/2026\/02\/Voluntariado-SURA-Diario-Sustentable.webp 800w, https:\/\/diadelpatrimoniosocial.cl\/wp-content\/uploads\/2026\/02\/Voluntariado-SURA-Diario-Sustentable-300x200.webp 300w, https:\/\/diadelpatrimoniosocial.cl\/wp-content\/uploads\/2026\/02\/Voluntariado-SURA-Diario-Sustentable-768x512.webp 768w\" sizes=\"auto, (max-width: 800px) 100vw, 800px\" \/>\t\t\t\t\t<\/a>\n\t\t\t\t\t\t\t<\/div>\n\t\t\t\t\t\t<h4 class=\"uagb-post__title uagb-post__text\">\n\t\t\t\t<a href=\"https:\/\/diadelpatrimoniosocial.cl\/empresas-chilenas-fortalecen-cultura-interna-y-comunidades-a-traves-del-voluntariado-corporativo\/\" target=\"_self\" rel=\"bookmark noopener noreferrer\">Empresas chilenas fortalecen cultura interna y comunidades a trav\u00e9s del voluntariado corporativo<\/a>\n\t\t\t<\/h4>\n\t\t\t\t\t\t<div class='uagb-post__text uagb-post-grid-byline'>\n\t\t\t\t\t\t\t\t<time datetime=\"2026-02-09T14:20:53+00:00\" class=\"uagb-post__date\">\n\t\t\t\t<span class=\"dashicons-calendar dashicons\"><\/span>\t\t\t\t\tFebrero 9, 2026\t\t\t\t<\/time>\n\t\t\t\t\t\t\t<span class=\"uagb-post__comment\">\n\t\t\t\t<span class=\"dashicons-admin-comments dashicons\"><\/span>\t\t\t\t\tSin Comentarios\t\t\t\t<\/span>\n\t\t\t\t\t\t<\/div>\n\t\t\t\t\t\t\t<div class='uagb-post__text uagb-post__excerpt'>\n\t\t\t\t\t<p>Publicado el 9 de diciembre de 2025 en el Diario Sustentable. En Chile, el voluntariado&#8230;\t\t\t\t<\/div>\n\t\t\t\t\t\t<div class=\"uagb-post__text uagb-post__cta wp-block-button\">\n\t\t\t\t<a class=\"wp-block-button__link uagb-text-link\" style=\"\" href=\"https:\/\/diadelpatrimoniosocial.cl\/empresas-chilenas-fortalecen-cultura-interna-y-comunidades-a-traves-del-voluntariado-corporativo\/\" target=\"_self\" rel=\"bookmark noopener noreferrer\">Leer m\u00e1s<\/a>\n\t\t\t<\/div>\n\t\t\t\n\t\t\t\t\t\t\t\t\t<\/article>\n\t\t\t\t\t\t\t\t\t\t\t<\/div>\n\t\t\t","protected":false},"excerpt":{"rendered":"","protected":false},"author":1,"featured_media":0,"parent":0,"menu_order":0,"comment_status":"closed","ping_status":"closed","template":"","meta":{"_uag_custom_page_level_css":"","site-sidebar-layout":"default","site-content-layout":"","ast-site-content-layout":"default","site-content-style":"default","site-sidebar-style":"default","ast-global-header-display":"","ast-banner-title-visibility":"","ast-main-header-display":"","ast-hfb-above-header-display":"","ast-hfb-below-header-display":"","ast-hfb-mobile-header-display":"","site-post-title":"","ast-breadcrumbs-content":"","ast-featured-img":"","footer-sml-layout":"","theme-transparent-header-meta":"","adv-header-id-meta":"","stick-header-meta":"","header-above-stick-meta":"","header-main-stick-meta":"","header-below-stick-meta":"","astra-migrate-meta-layouts":"default","ast-page-background-enabled":"default","ast-page-background-meta":{"desktop":{"background-color":"var(--ast-global-color-5)","background-image":"","background-repeat":"repeat","background-position":"center center","background-size":"auto","background-attachment":"scroll","background-type":"","background-media":"","overlay-type":"","overlay-color":"","overlay-opacity":"","overlay-gradient":""},"tablet":{"background-color":"","background-image":"","background-repeat":"repeat","background-position":"center center","background-size":"auto","background-attachment":"scroll","background-type":"","background-media":"","overlay-type":"","overlay-color":"","overlay-opacity":"","overlay-gradient":""},"mobile":{"background-color":"","background-image":"","background-repeat":"repeat","background-position":"center center","background-size":"auto","background-attachment":"scroll","background-type":"","background-media":"","overlay-type":"","overlay-color":"","overlay-opacity":"","overlay-gradient":""}},"ast-content-background-meta":{"desktop":{"background-color":"var(--ast-global-color-4)","background-image":"","background-repeat":"repeat","background-position":"center center","background-size":"auto","background-attachment":"scroll","background-type":"","background-media":"","overlay-type":"","overlay-color":"","overlay-opacity":"","overlay-gradient":""},"tablet":{"background-color":"var(--ast-global-color-4)","background-image":"","background-repeat":"repeat","background-position":"center center","background-size":"auto","background-attachment":"scroll","background-type":"","background-media":"","overlay-type":"","overlay-color":"","overlay-opacity":"","overlay-gradient":""},"mobile":{"background-color":"var(--ast-global-color-4)","background-image":"","background-repeat":"repeat","background-position":"center center","background-size":"auto","background-attachment":"scroll","background-type":"","background-media":"","overlay-type":"","overlay-color":"","overlay-opacity":"","overlay-gradient":""}},"footnotes":""},"class_list":["post-2688","page","type-page","status-publish","hentry"],"uagb_featured_image_src":{"full":false,"thumbnail":false,"medium":false,"medium_large":false,"large":false,"1536x1536":false,"2048x2048":false,"ultp_layout_landscape_large":false,"ultp_layout_landscape":false,"ultp_layout_portrait":false,"ultp_layout_square":false},"uagb_author_info":{"display_name":"DPS","author_link":"https:\/\/diadelpatrimoniosocial.cl\/author\/dpscos-wp\/"},"uagb_comment_info":0,"uagb_excerpt":null,"_links":{"self":[{"href":"https:\/\/diadelpatrimoniosocial.cl\/wp-json\/wp\/v2\/pages\/2688","targetHints":{"allow":["GET"]}}],"collection":[{"href":"https:\/\/diadelpatrimoniosocial.cl\/wp-json\/wp\/v2\/pages"}],"about":[{"href":"https:\/\/diadelpatrimoniosocial.cl\/wp-json\/wp\/v2\/types\/page"}],"author":[{"embeddable":true,"href":"https:\/\/diadelpatrimoniosocial.cl\/wp-json\/wp\/v2\/users\/1"}],"replies":[{"embeddable":true,"href":"https:\/\/diadelpatrimoniosocial.cl\/wp-json\/wp\/v2\/comments?post=2688"}],"version-history":[{"count":4,"href":"https:\/\/diadelpatrimoniosocial.cl\/wp-json\/wp\/v2\/pages\/2688\/revisions"}],"predecessor-version":[{"id":2692,"href":"https:\/\/diadelpatrimoniosocial.cl\/wp-json\/wp\/v2\/pages\/2688\/revisions\/2692"}],"wp:attachment":[{"href":"https:\/\/diadelpatrimoniosocial.cl\/wp-json\/wp\/v2\/media?parent=2688"}],"curies":[{"name":"wp","href":"https:\/\/api.w.org\/{rel}","templated":true}]}}