{"id":520,"date":"2025-08-27T04:47:44","date_gmt":"2025-08-27T04:47:44","guid":{"rendered":"https:\/\/desarrollo.diadelpatrimoniosocial.cl\/?page_id=520"},"modified":"2025-11-20T14:04:26","modified_gmt":"2025-11-20T14:04:26","slug":"sumate","status":"publish","type":"page","link":"https:\/\/diadelpatrimoniosocial.cl\/sumate\/","title":{"rendered":"S\u00famate"},"content":{"rendered":"\n<div class=\"wp-block-uagb-container uag-blocks-common-selector uagb-block-974dfe80 alignfull uagb-is-root-container\"><div class=\"uagb-container-inner-blocks-wrap\">\n<div class=\"wp-block-uagb-container uagb-block-a024b9f0\">\n<p style=\"font-size:50px;line-height:1.1\"><span style=\"color: var(--ast-global-color-3);\" class=\"stk-highlight\"><strong>S\u00famate al d\u00eda del Patrimonio Social<\/strong><\/span><\/p>\n<\/div>\n\n\n\n<div class=\"wp-block-uagb-container uagb-block-59899797\">\n<p style=\"font-size:20px;line-height:1.4\">Existen distintas formas de ser parte. Ya seas una persona, empresa, fundaci\u00f3n u organizaci\u00f3n local. T\u00fa tambi\u00e9n puedes dejar huella en tu comunidad<\/p>\n<\/div>\n<\/div><\/div>\n\n\n\n<div class=\"wp-block-uagb-container uagb-block-d99df7a0 alignfull uagb-is-root-container\"><div class=\"uagb-container-inner-blocks-wrap\">\n<div class=\"wp-block-uagb-container uagb-block-a926e5a6\">\n<style>\n  #sumate-1 {\n    background-color: #4eb1a7;\n    width: 100%;\n    border-top-left-radius: 40px;\n    border-top-right-radius: 40px;\n    min-height: 400px;\n    overflow: hidden;\n    position: relative;\n  }\n\n  #sumate-1 .imagebox {\n    position: absolute;\n    left: 70px;\n    top: 150px;\n    transition-duration: .5s;\n    transition-timing-function: ease;\n  }\n\n  #sumate-1:hover .imagebox {\n    left: 1px !important;\n    top: 1px !important;\n    scale: 1.2;\n  }\n\n  #sumate-1 .fto {\n    border-top-left-radius: 40px;\n  }\n\n  #sumate-1 .titu {\n    position: absolute;\n    font-family: arial;\n    font-size: 18px;\n    color: #fff;\n    padding-top: 20px;\n    padding-left: 20px;\n    line-height: 23px;\n  }\n  #sumate-1 .info {\n    position: absolute;\n    background-color: #4eb1a7cc;\n    width: 100%;\n    padding: 20px;\n    color: #fff;\n    font-family: arial;\n    font-size: 20px;\n    line-height: 1.25;\n    border-top-right-radius: 40px;\n    bottom: 0;\n    z-index: 99;\n    min-height: 200px;\n    transition-duration: .5s;\n    transition-timing-function: ease;\n    display: flex;\n    flex-direction: column;\n    justify-content: space-between;\n  }\n\n  #sumate-1 .btn {\n    background-color: #fff;\n    color: #ed5f12;\n    display: inline-block;\n    border-radius: 50px;\n    padding: 6px 16px;\n    text-align: center;\n    border: 1px solid #ed5f12;\n    font-size: 14px;\n    text-decoration: none;\n  }\n<\/style>\n\n<div id=\"sumate-1\">\n  <div class=\"titu\">\n    <img decoding=\"async\" style=\"width:50px; padding-bottom:10px;\" src=\"https:\/\/diadelpatrimoniosocial.cl\/wp-content\/uploads\/2025\/08\/icon-caja1.png\"><br>\n    <b>Empresas<\/b>\n  <\/div>\n\n  <div class=\"info\">\n    Moviliza a tu equipo<br>\n    <a href=\"https:\/\/wkf.ms\/3Vyib25\" target=\"_blank\" class=\"btn\">\u00danete<\/a>\n  <\/div>\n\n  <div class=\"imagebox\">\n    <img decoding=\"async\" class=\"fto\" src=\"https:\/\/diadelpatrimoniosocial.cl\/wp-content\/uploads\/2025\/08\/caja1-1.png\" \/>\n  <\/div>\n<\/div>\n<\/div>\n\n\n\n<div class=\"wp-block-uagb-container uagb-block-32991d91\">\n<style>\n  #sumate-2 {\n    background-color: #204463;\n    width: 100%;\n    border-top-left-radius: 40px;\n    border-top-right-radius: 40px;\n    min-height: 400px;\n    overflow: hidden;\n    position: relative;\n  }\n\n  #sumate-2 .imagebox {\n    position: absolute;\n    left: 70px;\n    top: 150px;\n    transition-duration: .5s;\n    transition-timing-function: ease;\n  }\n\n  #sumate-2:hover .imagebox {\n    left: 1px !important;\n    top: 1px !important;\n    scale: 1.2;\n  }\n\n  #sumate-2 .fto {\n    border-top-left-radius: 40px;\n  }\n\n  #sumate-2 .titu {\n    position: absolute;\n    font-family: arial;\n    font-size: 18px;\n    color: #fff;\n    padding-top: 20px;\n    padding-left: 20px;\n    line-height: 23px;\n  }\n  #sumate-2 .info {\n    position: absolute;\n    background-color: #204463ba;\n    width: 100%;\n    padding: 20px;\n    color: #fff;\n    font-family: arial;\n    font-size: 20px;\n    line-height: 1.25;\n    border-top-right-radius: 40px;\n    bottom: 0;\n    z-index: 99;\n    min-height: 200px;\n    transition-duration: .5s;\n    transition-timing-function: ease;\n    display: flex;\n    flex-direction: column;\n    justify-content: space-between;\n  }\n\n  #sumate-2 .btn {\n    background-color: #fff;\n    color: #ed5f12;\n    display: inline-block;\n    border-radius: 50px;\n    padding: 6px 16px;\n    text-align: center;\n    border: 1px solid #ed5f12;\n    font-size: 14px;\n    text-decoration: none;\n  }\n<\/style>\n\n<div id=\"sumate-2\">\n  <div class=\"titu\">\n    <img decoding=\"async\" style=\"width:50px; padding-bottom:10px;\" src=\"https:\/\/diadelpatrimoniosocial.cl\/wp-content\/uploads\/2025\/08\/icon-caja2.png\"><br>\n    <b>Fundaciones y Corporaciones<\/b>\n  <\/div>\n\n  <div class=\"info\">\n    Comparte tu trabajo, visibiliza tu causa e invita a voluntariados<br>\n    <a href=\"https:\/\/wkf.ms\/45iRLqR\" target=\"_blank\" class=\"btn\">Invol\u00facrate<\/a>\n  <\/div>\n\n  <div class=\"imagebox\">\n    <img decoding=\"async\" class=\"fto\" src=\"https:\/\/diadelpatrimoniosocial.cl\/wp-content\/uploads\/2025\/08\/caja2-1.png\" \/>\n  <\/div>\n<\/div>\n<\/div>\n\n\n\n<div class=\"wp-block-uagb-container uagb-block-7e7dec94\">\n<style>\n  #sumate-3 {\n    background-color: #204463;\n    width: 100%;\n    border-top-left-radius: 40px;\n    border-top-right-radius: 40px;\n    min-height: 400px;\n    overflow: hidden;\n    position: relative;\n  }\n\n  #sumate-3 .imagebox {\n    position: absolute;\n    left: 70px;\n    top: 150px;\n    transition-duration: .5s;\n    transition-timing-function: ease;\n  }\n\n  #sumate-3:hover .imagebox {\n    left: 1px !important;\n    top: 1px !important;\n    scale: 1.2;\n  }\n\n  #sumate-3 .fto {\n    border-top-left-radius: 40px;\n  }\n\n  #sumate-3 .titu {\n    position: absolute;\n    font-family: arial;\n    font-size: 18px;\n    color: #fff;\n    padding-top: 20px;\n    padding-left: 20px;\n    line-height: 23px;\n  }\n  #sumate-3 .info {\n    position: absolute;\n    background-color: #204463ba;\n    width: 100%;\n    padding: 20px;\n    color: #fff;\n    font-family: arial;\n    font-size: 20px;\n    line-height: 1.25;\n    border-top-right-radius: 40px;\n    bottom: 0;\n    z-index: 99;\n    min-height: 200px;\n    transition-duration: .5s;\n    transition-timing-function: ease;\n    display: flex;\n    flex-direction: column;\n    justify-content: space-between;\n  }\n\n  #sumate-3 .btn {\n    background-color: #fff;\n    color: #ed5f12;\n    display: inline-block;\n    border-radius: 50px;\n    padding: 6px 16px;\n    text-align: center;\n    border: 1px solid #ed5f12;\n    font-size: 14px;\n    text-decoration: none;\n  }\n<\/style>\n\n<div id=\"sumate-3\">\n  <div class=\"titu\">\n    <img decoding=\"async\" style=\"width:50px; padding-bottom:10px;\" src=\"https:\/\/diadelpatrimoniosocial.cl\/wp-content\/uploads\/2025\/08\/icon-caja3.png\"><br>\n    <b>Instituciones educativas y grupos<\/b>\n  <\/div>\n\n  <div class=\"info\">\n    Crea, inspira y desarrolla actividades en tu comunidad<br>\n    <a class=\"btn\" href=\"https:\/\/forms.monday.com\/forms\/60469fc89ab78066a09c8629236fa2c0?r=use1\" target=\"_blank\">\u00danete<\/a>\n  <\/div>\n\n  <div class=\"imagebox\">\n    <img decoding=\"async\" class=\"fto\" src=\"https:\/\/diadelpatrimoniosocial.cl\/wp-content\/uploads\/2025\/08\/caja3-1.png\" \/>\n  <\/div>\n<\/div>\n<\/div>\n\n\n\n<div class=\"wp-block-uagb-container uagb-block-6617cc11\">\n<style>\n  #sumate-4 {\n    background-color: #b2375a;\n    width: 100%;\n    border-top-left-radius: 40px;\n    border-top-right-radius: 40px;\n    min-height: 400px;\n    overflow: hidden;\n    position: relative;\n  }\n\n  #sumate-4 .imagebox {\n    position: absolute;\n    left: 70px;\n    top: 150px;\n    transition-duration: .5s;\n    transition-timing-function: ease;\n  }\n\n  #sumate-4:hover .imagebox {\n    left: 1px !important;\n    top: 1px !important;\n    scale: 1.2;\n  }\n\n  #sumate-4 .fto {\n    border-top-left-radius: 40px;\n  }\n\n  #sumate-4 .titu {\n    position: absolute;\n    font-family: arial;\n    font-size: 18px;\n    color: #fff;\n    padding-top: 20px;\n    padding-left: 20px;\n    line-height: 23px;\n  }\n  #sumate-4 .info {\n    position: absolute;\n    background-color: #b2375bbd;\n    width: 100%;\n    padding: 20px;\n    color: #fff;\n    font-family: arial;\n    font-size: 20px;\n    line-height: 1.25;\n    border-top-right-radius: 40px;\n    bottom: 0;\n    z-index: 99;\n    min-height: 200px;\n    transition-duration: .5s;\n    transition-timing-function: ease;\n    display: flex;\n    flex-direction: column;\n    justify-content: space-between;\n  }\n\n  #sumate-4 .btn {\n    background-color: #fff;\n    color: #ed5f12;\n    display: inline-block;\n    border-radius: 50px;\n    padding: 6px 16px;\n    text-align: center;\n    border: 1px solid #ed5f12;\n    font-size: 14px;\n    text-decoration: none;\n  }\n<\/style>\n\n<div id=\"sumate-4\">\n  <div class=\"titu\">\n    <img decoding=\"async\" style=\"width:50px; padding-bottom:10px;\" src=\"https:\/\/diadelpatrimoniosocial.cl\/wp-content\/uploads\/2025\/08\/icon-caja4.png\"><br>\n    <b>Organizar una actividad solidaria por mi cuenta<\/b>\n  <\/div>\n\n  <div class=\"info\">\n    Crea tu propia actividad solidaria en beneficio de tu comunidad<br>\n    <a href=\"https:\/\/forms.monday.com\/forms\/60469fc89ab78066a09c8629236fa2c0?r=use1\" target=\"_blank\" class=\"btn\">Inscr\u00edbete<\/a>\n  <\/div>\n\n  <div class=\"imagebox\">\n    <img decoding=\"async\" class=\"fto\" src=\"https:\/\/diadelpatrimoniosocial.cl\/wp-content\/uploads\/2025\/08\/caja4-1.png\" \/>\n  <\/div>\n<\/div>\n<\/div>\n\n\n\n<div class=\"wp-block-uagb-container uagb-block-1af9ed9e\">\n<style>\n  #sumate-5 {\n    background-color: #b2375a;\n    width: 100%;\n    border-top-left-radius: 40px;\n    border-top-right-radius: 40px;\n    min-height: 400px;\n    overflow: hidden;\n    position: relative;\n  }\n\n  #sumate-5 .imagebox {\n    position: absolute;\n    left: 70px;\n    top: 150px;\n    transition-duration: .5s;\n    transition-timing-function: ease;\n  }\n\n  #sumate-5:hover .imagebox {\n    left: 1px !important;\n    top: 1px !important;\n    scale: 1.2;\n  }\n\n  #sumate-5 .fto {\n    border-top-left-radius: 40px;\n  }\n\n  #sumate-5 .titu {\n    position: absolute;\n    font-family: arial;\n    font-size: 18px;\n    color: #fff;\n    padding-top: 20px;\n    padding-left: 20px;\n    line-height: 23px;\n  }\n  #sumate-5 .info {\n    position: absolute;\n    background-color: #b2375bbd;\n    width: 100%;\n    padding: 20px;\n    color: #fff;\n    font-family: arial;\n    font-size: 20px;\n    line-height: 1.25;\n    border-top-right-radius: 40px;\n    bottom: 0;\n    z-index: 99;\n    min-height: 200px;\n    transition-duration: .5s;\n    transition-timing-function: ease;\n    display: flex;\n    flex-direction: column;\n    justify-content: space-between;\n  }\n\n  #sumate-5 .btn {\n    background-color: #fff;\n    color: #ed5f12;\n    display: inline-block;\n    border-radius: 50px;\n    padding: 6px 16px;\n    text-align: center;\n    border: 1px solid #ed5f12;\n    font-size: 14px;\n    text-decoration: none;\n  }\n<\/style>\n\n<div id=\"sumate-5\">\n  <div class=\"titu\">\n    <img decoding=\"async\" style=\"width:50px; padding-bottom:10px;\" src=\"https:\/\/diadelpatrimoniosocial.cl\/wp-content\/uploads\/2025\/08\/icon-caja4.png\"><br>\n    <b>Realizar una acci\u00f3n solidaria personal<\/b>\n  <\/div>\n\n  <div class=\"info\">\n    Elige esta opci\u00f3n para hacer una actividad como donar ropa, alimentos, u otros<br>\n    <a href=\"https:\/\/forms.monday.com\/forms\/37d132b22a7365985e3b998f7bef010f?r%3Duse1%26area%3D\" target=\"_blank\" class=\"btn\">Inscr\u00edbete<\/a>\n  <\/div>\n\n  <div class=\"imagebox\">\n    <img decoding=\"async\" class=\"fto\" src=\"https:\/\/diadelpatrimoniosocial.cl\/wp-content\/uploads\/2025\/10\/Diseno-sin-titulo-19.png\" \/>\n  <\/div>\n<\/div>\n<\/div>\n<\/div><\/div>\n\n\n\n<div class=\"wp-block-uagb-container uagb-block-a38844fd alignfull uagb-is-root-container\"><div class=\"uagb-container-inner-blocks-wrap\">\n<div class=\"wp-block-uagb-container uagb-layout-flex uagb-block-45a33bfb\">\n<div class=\"wp-block-buttons is-content-justification-center is-layout-flex wp-container-core-buttons-is-layout-a89b3969 wp-block-buttons-is-layout-flex\">\n<div class=\"wp-block-button has-custom-width wp-block-button__width-100\"><a class=\"wp-block-button__link has-ast-global-color-0-color has-ast-global-color-4-background-color has-text-color has-background has-link-color has-text-align-left wp-element-button\" href=\"https:\/\/drive.google.com\/file\/d\/1MSPlOsSoxcVMtAboOM7lljFX1pZ1tA_G\/view?usp=drive_link\" style=\"border-radius:47px\"><strong>Descarga el toolkit digital de la campa\u00f1a<\/strong><\/a><\/div>\n<\/div>\n<\/div>\n\n\n\n<div class=\"wp-block-uagb-container uagb-block-6a319967\">\n<p><\/p>\n\n\n\n<p class=\"has-ast-global-color-4-color has-text-color has-link-color wp-elements-2b9b2eef4966856e02238cb5f953f0e5\" style=\"padding-right:0;padding-left:0;font-size:50px;line-height:1.1\">Toolkit digital de la campa\u00f1a<\/p>\n<\/div>\n<\/div><\/div>\n\n\n\n<div class=\"wp-block-uagb-container uagb-block-02df1713 alignfull uagb-is-root-container\"><div class=\"uagb-container-inner-blocks-wrap\">\n<div class=\"wp-block-uagb-container uagb-block-1827e7bb\">\n<p class=\"has-ast-global-color-4-color has-text-color has-link-color wp-elements-2d0d0167982bd2340e523af00227f945\" style=\"padding-right:0;padding-left:0;font-size:50px;line-height:1.1\"><strong>El D\u00eda del Patrimonio Social es una iniciativa de<\/strong><\/p>\n<\/div>\n\n\n\n<div class=\"wp-block-uagb-container uagb-layout-flex uagb-block-af4fc1e8\">\n<figure class=\"wp-block-image size-full is-resized has-custom-border is-style-default\" style=\"margin-right:0;margin-left:0\"><img loading=\"lazy\" decoding=\"async\" width=\"326\" height=\"253\" src=\"https:\/\/diadelpatrimoniosocial.cl\/wp-content\/uploads\/2025\/08\/comunidad.png\" alt=\"\" class=\"wp-image-122\" style=\"border-top-style:none;border-top-width:0px;border-right-style:none;border-right-width:0px;border-bottom-style:none;border-bottom-width:0px;width:272px;height:auto\" srcset=\"https:\/\/diadelpatrimoniosocial.cl\/wp-content\/uploads\/2025\/08\/comunidad.png 326w, https:\/\/diadelpatrimoniosocial.cl\/wp-content\/uploads\/2025\/08\/comunidad-300x233.png 300w\" sizes=\"auto, (max-width: 326px) 100vw, 326px\" \/><\/figure>\n<\/div>\n<\/div><\/div>\n\n\n\n<div class=\"wp-block-uagb-container uagb-block-4ec81d80 alignfull uagb-is-root-container\">\n<figure class=\"wp-block-image size-full\" style=\"margin-top:0px;margin-right:0px;margin-bottom:0px;margin-left:0px\"><img loading=\"lazy\" decoding=\"async\" width=\"2560\" height=\"138\" src=\"https:\/\/diadelpatrimoniosocial.cl\/wp-content\/uploads\/2025\/08\/curva-solida10-scaled.png\" alt=\"\" class=\"wp-image-560\" srcset=\"https:\/\/diadelpatrimoniosocial.cl\/wp-content\/uploads\/2025\/08\/curva-solida10-scaled.png 2560w, https:\/\/diadelpatrimoniosocial.cl\/wp-content\/uploads\/2025\/08\/curva-solida10-300x16.png 300w, https:\/\/diadelpatrimoniosocial.cl\/wp-content\/uploads\/2025\/08\/curva-solida10-1024x55.png 1024w, https:\/\/diadelpatrimoniosocial.cl\/wp-content\/uploads\/2025\/08\/curva-solida10-768x42.png 768w, https:\/\/diadelpatrimoniosocial.cl\/wp-content\/uploads\/2025\/08\/curva-solida10-1536x83.png 1536w, https:\/\/diadelpatrimoniosocial.cl\/wp-content\/uploads\/2025\/08\/curva-solida10-2048x111.png 2048w\" sizes=\"auto, (max-width: 2560px) 100vw, 2560px\" \/><\/figure>\n<\/div>\n\n\n\n<div class=\"wp-block-uagb-container uagb-block-4358d52a alignfull uagb-is-root-container\"><div class=\"uagb-container-inner-blocks-wrap\">\n<div class=\"wp-block-uagb-container uagb-block-bb45a2c2\">\n<p><strong>Auspician<\/strong><\/p>\n<\/div>\n\n\n\n<div class=\"wp-block-uagb-container uagb-block-4c7bb750\">\n<figure class=\"wp-block-image size-full\"><img loading=\"lazy\" decoding=\"async\" width=\"443\" height=\"114\" src=\"https:\/\/diadelpatrimoniosocial.cl\/wp-content\/uploads\/2025\/08\/Logo-scotiabank-red.png\" alt=\"\" class=\"wp-image-47\" srcset=\"https:\/\/diadelpatrimoniosocial.cl\/wp-content\/uploads\/2025\/08\/Logo-scotiabank-red.png 443w, https:\/\/diadelpatrimoniosocial.cl\/wp-content\/uploads\/2025\/08\/Logo-scotiabank-red-300x77.png 300w\" sizes=\"auto, (max-width: 443px) 100vw, 443px\" \/><\/figure>\n<\/div>\n\n\n\n<div class=\"wp-block-uagb-container uagb-block-c4fd6544\">\n<figure class=\"wp-block-image size-full\"><img loading=\"lazy\" decoding=\"async\" width=\"443\" height=\"114\" src=\"https:\/\/diadelpatrimoniosocial.cl\/wp-content\/uploads\/2025\/08\/Sodimac-horizontal.png\" alt=\"\" class=\"wp-image-48\" srcset=\"https:\/\/diadelpatrimoniosocial.cl\/wp-content\/uploads\/2025\/08\/Sodimac-horizontal.png 443w, https:\/\/diadelpatrimoniosocial.cl\/wp-content\/uploads\/2025\/08\/Sodimac-horizontal-300x77.png 300w\" sizes=\"auto, (max-width: 443px) 100vw, 443px\" \/><\/figure>\n<\/div>\n\n\n\n<div class=\"wp-block-uagb-container uagb-block-260bb455\"><\/div>\n<\/div><\/div>\n\n\n\n<div class=\"wp-block-uagb-container uagb-block-83a34d81 alignfull uagb-is-root-container\"><div class=\"uagb-container-inner-blocks-wrap\">\n<div class=\"wp-block-uagb-container uagb-block-cceb556c\">\n<figure class=\"wp-block-image size-large is-resized\"><img loading=\"lazy\" decoding=\"async\" width=\"1024\" height=\"222\" src=\"https:\/\/diadelpatrimoniosocial.cl\/wp-content\/uploads\/2025\/08\/logos-footer-1024x222.png\" alt=\"\" class=\"wp-image-489\" style=\"width:547px;height:auto\" srcset=\"https:\/\/diadelpatrimoniosocial.cl\/wp-content\/uploads\/2025\/08\/logos-footer-1024x222.png 1024w, https:\/\/diadelpatrimoniosocial.cl\/wp-content\/uploads\/2025\/08\/logos-footer-300x65.png 300w, https:\/\/diadelpatrimoniosocial.cl\/wp-content\/uploads\/2025\/08\/logos-footer-768x167.png 768w, https:\/\/diadelpatrimoniosocial.cl\/wp-content\/uploads\/2025\/08\/logos-footer.png 1451w\" sizes=\"auto, (max-width: 1024px) 100vw, 1024px\" \/><\/figure>\n<\/div>\n\n\n\n<div class=\"wp-block-uagb-container uagb-block-384d5c62\">\n<p class=\"has-text-align-center has-ast-global-color-4-color has-text-color has-link-color wp-elements-5cd315e7f848616f80094cfddc1942d7\"><strong><a href=\"mailto:diadelpatrimoniosocial@comunidad-org.cl\" data-type=\"mailto\" data-id=\"mailto:diadelpatrimoniosocial@comunidad-org.cl\">Contacto<\/a><\/strong><br><strong><a href=\"https:\/\/www.instagram.com\/diadelpatrimoniosocial\/?igsh=MTBvczYwNm80MHUzaw%3D%3D#\" data-type=\"link\" data-id=\"https:\/\/www.instagram.com\/diadelpatrimoniosocial\/?igsh=MTBvczYwNm80MHUzaw%3D%3D#\">@diadelpatrimoniosocial<\/a><\/strong><\/p>\n<\/div>\n<\/div><\/div>\n\n\n\n<div class=\"wp-block-uagb-container uagb-block-adf3f428 alignfull uagb-is-root-container\"><div class=\"uagb-container-inner-blocks-wrap\">\n<style>\ntable, td, th {\n    border: 0;\n}\nfooter{\ndisplay:none;\n}\n.wp-block-uagb-container.uagb-block-4ec81d80{\npadding-bottom:0;\n}\n\n\n@media only screen and (max-width: 430px) {\n#ast-mobile-header{\ndisplay:none!important;\n}\n.wp-block-uagb-countdown.uagb-block-d611bf65{\nmargin-left:30px;\n}\n.entry-content p {\n    margin-bottom: 0!important;\n}\n}\n<\/style>\n<\/div><\/div>\n\n\n\n<p><\/p>\n","protected":false},"excerpt":{"rendered":"<p>S\u00famate al d\u00eda del Patrimonio Social Existen distintas formas de ser parte. Ya seas una persona, empresa, fundaci\u00f3n u organizaci\u00f3n [&hellip;]<\/p>\n","protected":false},"author":2,"featured_media":0,"parent":0,"menu_order":0,"comment_status":"closed","ping_status":"closed","template":"","meta":{"_uag_custom_page_level_css":"","site-sidebar-layout":"default","site-content-layout":"","ast-site-content-layout":"default","site-content-style":"default","site-sidebar-style":"default","ast-global-header-display":"","ast-banner-title-visibility":"","ast-main-header-display":"","ast-hfb-above-header-display":"","ast-hfb-below-header-display":"","ast-hfb-mobile-header-display":"","site-post-title":"disabled","ast-breadcrumbs-content":"","ast-featured-img":"","footer-sml-layout":"","theme-transparent-header-meta":"","adv-header-id-meta":"","stick-header-meta":"","header-above-stick-meta":"","header-main-stick-meta":"","header-below-stick-meta":"","astra-migrate-meta-layouts":"default","ast-page-background-enabled":"default","ast-page-background-meta":{"desktop":{"background-color":"var(--ast-global-color-5)","background-image":"","background-repeat":"repeat","background-position":"center center","background-size":"auto","background-attachment":"scroll","background-type":"","background-media":"","overlay-type":"","overlay-color":"","overlay-opacity":"","overlay-gradient":""},"tablet":{"background-color":"","background-image":"","background-repeat":"repeat","background-position":"center center","background-size":"auto","background-attachment":"scroll","background-type":"","background-media":"","overlay-type":"","overlay-color":"","overlay-opacity":"","overlay-gradient":""},"mobile":{"background-color":"","background-image":"","background-repeat":"repeat","background-position":"center center","background-size":"auto","background-attachment":"scroll","background-type":"","background-media":"","overlay-type":"","overlay-color":"","overlay-opacity":"","overlay-gradient":""}},"ast-content-background-meta":{"desktop":{"background-color":"var(--ast-global-color-4)","background-image":"","background-repeat":"repeat","background-position":"center center","background-size":"auto","background-attachment":"scroll","background-type":"","background-media":"","overlay-type":"","overlay-color":"","overlay-opacity":"","overlay-gradient":""},"tablet":{"background-color":"var(--ast-global-color-4)","background-image":"","background-repeat":"repeat","background-position":"center center","background-size":"auto","background-attachment":"scroll","background-type":"","background-media":"","overlay-type":"","overlay-color":"","overlay-opacity":"","overlay-gradient":""},"mobile":{"background-color":"var(--ast-global-color-4)","background-image":"","background-repeat":"repeat","background-position":"center center","background-size":"auto","background-attachment":"scroll","background-type":"","background-media":"","overlay-type":"","overlay-color":"","overlay-opacity":"","overlay-gradient":""}},"footnotes":""},"class_list":["post-520","page","type-page","status-publish","hentry"],"uagb_featured_image_src":{"full":false,"thumbnail":false,"medium":false,"medium_large":false,"large":false,"1536x1536":false,"2048x2048":false,"ultp_layout_landscape_large":false,"ultp_layout_landscape":false,"ultp_layout_portrait":false,"ultp_layout_square":false},"uagb_author_info":{"display_name":"Pablo Tapia","author_link":"https:\/\/diadelpatrimoniosocial.cl\/author\/pablo77tapiagmail-com\/"},"uagb_comment_info":0,"uagb_excerpt":"S\u00famate al d\u00eda del Patrimonio Social Existen distintas formas de ser parte. Ya seas una persona, empresa, fundaci\u00f3n u organizaci\u00f3n [&hellip;]","_links":{"self":[{"href":"https:\/\/diadelpatrimoniosocial.cl\/wp-json\/wp\/v2\/pages\/520","targetHints":{"allow":["GET"]}}],"collection":[{"href":"https:\/\/diadelpatrimoniosocial.cl\/wp-json\/wp\/v2\/pages"}],"about":[{"href":"https:\/\/diadelpatrimoniosocial.cl\/wp-json\/wp\/v2\/types\/page"}],"author":[{"embeddable":true,"href":"https:\/\/diadelpatrimoniosocial.cl\/wp-json\/wp\/v2\/users\/2"}],"replies":[{"embeddable":true,"href":"https:\/\/diadelpatrimoniosocial.cl\/wp-json\/wp\/v2\/comments?post=520"}],"version-history":[{"count":170,"href":"https:\/\/diadelpatrimoniosocial.cl\/wp-json\/wp\/v2\/pages\/520\/revisions"}],"predecessor-version":[{"id":2260,"href":"https:\/\/diadelpatrimoniosocial.cl\/wp-json\/wp\/v2\/pages\/520\/revisions\/2260"}],"wp:attachment":[{"href":"https:\/\/diadelpatrimoniosocial.cl\/wp-json\/wp\/v2\/media?parent=520"}],"curies":[{"name":"wp","href":"https:\/\/api.w.org\/{rel}","templated":true}]}}